{"id":1992,"date":"2022-04-20T00:41:19","date_gmt":"2022-04-19T22:41:19","guid":{"rendered":"http:\/\/inspiralia.at.w01ce9fb.kasserver.com\/?page_id=1992"},"modified":"2023-04-06T10:35:21","modified_gmt":"2023-04-06T08:35:21","slug":"eu-fundings","status":"publish","type":"page","link":"https:\/\/www.inspiralia.ch\/en\/eu-fundings\/","title":{"rendered":"EU-Fundings"},"content":{"rendered":"    <div id=\"headertextimage-block_14b8ebf02c389c6d0b4f41ecf2a0bf65\" class=\"content-row content-row content-row-imagetext content-row-headertextimage image_bigger  bg-grey headertextimage \">\n        <div class=\"contentPart-center contentPart-center-bigger\">\n            <div class=\"contentPart-inner\">\n                <div class=\"width-50 float-left  trans\">\n                    <div class=\"textbox\">\n                        <span class=\"infoline\">EU-Fundings<\/span>                          <h1>Taking off internationally with EU funding.<\/h1>                         <div class=\"textInput\"><p>EU grants offer a possibility to finance your project from EU funding pots.<\/p>\n<\/div>\n                                                    <div class=\"btnrow trans\"><a href=\"https:\/\/www.inspiralia.ch\/en\/contact\/request\/\" class=\"btn btn-blue animateAll\">Make an appointment for EU funding<\/a><\/div>\n                                                \n                    <\/div>\n                <\/div>\n                <div class=\"width-50  float-right trans\">\n\n                                            <div class=\"imagebox\">\n\n                                                        <img decoding=\"async\" src=\"https:\/\/www.inspiralia.ch\/wp-content\/uploads\/2022\/04\/dreamstime_m_9116987-1200x795.webp\" alt=\"Bild von EU-Flagge\" class=\"boximage\">\n                        <\/div>\n                                    <\/div>\n            <\/div>\n        <\/div>\n    <\/div>\n\n\n\n    <div id=\"onelineanimation-block_25f602a59b5f06fafa937b98905d7693\" class=\"content-row content-row-onelineanimation onelineanimation \">\n        <div class=\"contentPart-center\">\n            <div class=\"contentPart-inner\">\n                <img decoding=\"async\" src=\"https:\/\/www.inspiralia.ch\/wp-content\/themes\/inspiralia\/img\/m27_OneLineAnimation.gif\" alt=\"\" class=\"lineanimation\">\n            <\/div>\n         <\/div>\n    <\/div>\n\n\n    <div id=\"foederslider-block_4bd9e850f7466d6f2241117f454b8be3\" class=\"content-row content-row-foederslider foederslider \">\n        <div class=\"contentPart-center\">\n            <div class=\"contentPart-inner\">\n                <h2 class=\"foerdersliderHL hlh1 trans\"> <span class=\"text-blue\"><\/span><\/h2>\n                <div class=\"foerder-filter trans   displaynone \">\n                    <span class=\"imagegrid-filter-label\">filter by<\/span>\n                    <div class=\"imagegrid-filter-buttons\">\n                        <div class=\"imagegrid-filter-item imagegrid-filter-item-1  animateAll\">National<\/div>\n                        <div class=\"imagegrid-filter-item imagegrid-filter-item-2 animateAll\">Regional<\/div>\n                        <div class=\"imagegrid-filter-item imagegrid-filter-item-3 animateAll\">EU\/International<\/div>\n                    <\/div>\n                <\/div>\n                <div class=\"foerderungsliderbox trans\">\n                                                                                                    <div class=\"foerdslider-item bg-grey                 foerdslider-item_foerderungen-en foerdslider-item_eu-international-en\">\n                                <div class=\"foerdslider-item-inner\">\n                                    <h3>EIC Accelerator<\/h3>\n                                    <div class=\"blueline\"><\/div>\n                                    <div class=\"text\">The EIC Accelerator is aimed at small and medium-sized companies that develop disruptive, high-risk innovations with great market potential. It is primarily aimed at companies that have high growth potential and operate on a European or international scale.<\/div>\n                                    <div class=\"btnrow \">\n                                        <a href=\"https:\/\/www.inspiralia.ch\/en\/foerderung\/eic-accelerator\/\"  class=\"animateAll textlink\">Program in detail <\/a>\n                                    <\/div>\n                                <\/div>\n                            <\/div>\n                                                                                <div class=\"foerdslider-item bg-grey                 foerdslider-item_eu-international-en\">\n                                <div class=\"foerdslider-item-inner\">\n                                    <h3>EIC Pathfinder<\/h3>\n                                    <div class=\"blueline\"><\/div>\n                                    <div class=\"text\">With the EIC Pathfinder, high risks due to research work can be avoided. This funding is divided into the Open and the Challenges program. <\/div>\n                                    <div class=\"btnrow \">\n                                        <a href=\"https:\/\/www.inspiralia.ch\/en\/foerderung\/eic-pathfinder\/\"  class=\"animateAll textlink\">Program in detail <\/a>\n                                    <\/div>\n                                <\/div>\n                            <\/div>\n                                                                                <div class=\"foerdslider-item bg-grey                 foerdslider-item_eu-international-en\">\n                                <div class=\"foerdslider-item-inner\">\n                                    <h3>EIC Transition<\/h3>\n                                    <div class=\"blueline\"><\/div>\n                                    <div class=\"text\">Grant of up to \u20ac2.5 million in non-repayable and non-dilutive funds.<br \/>\r\n<br \/>\r\nIndividual applicants (SMEs, spin-offs, start-ups, research institutions, universities) or small consortia (two to 5 partners) can participate in this program.<\/div>\n                                    <div class=\"btnrow \">\n                                        <a href=\"https:\/\/www.inspiralia.ch\/en\/foerderung\/eic-transition\/\"  class=\"animateAll textlink\">Program in detail <\/a>\n                                    <\/div>\n                                <\/div>\n                            <\/div>\n                                                                                <div class=\"foerdslider-item bg-grey                 foerdslider-item_eu-international-en\">\n                                <div class=\"foerdslider-item-inner\">\n                                    <h3>Eurostars: F\u00f6rderm\u00f6glichkeiten f\u00fcr forschende Unternehmen<\/h3>\n                                    <div class=\"blueline\"><\/div>\n                                    <div class=\"text\">With its bottom-up approach, the Eurostars program funds the next stages of development of small transnational consortia and enables innovative SMEs to bring new developments to market.<\/div>\n                                    <div class=\"btnrow \">\n                                        <a href=\"https:\/\/www.inspiralia.ch\/en\/foerderung\/eureka-eurostars-eu-funding\/\"  class=\"animateAll textlink\">Program in detail <\/a>\n                                    <\/div>\n                                <\/div>\n                            <\/div>\n                                                                                <div class=\"foerdslider-item bg-grey                 foerdslider-item_eu-international-en\">\n                                <div class=\"foerdslider-item-inner\">\n                                    <h3>Thematic priorities<\/h3>\n                                    <div class=\"blueline\"><\/div>\n                                    <div class=\"text\">Thematic priorities is the most comprehensive of the innovation support programs. One can distinguish between two types of projects: the innovation measures and the research and innovation measures. They fall under Pillar II and are divided into 6 thematic clusters.<\/div>\n                                    <div class=\"btnrow \">\n                                        <a href=\"https:\/\/www.inspiralia.ch\/en\/foerderung\/thematic-priorities-2\/\"  class=\"animateAll textlink\">Program in detail <\/a>\n                                    <\/div>\n                                <\/div>\n                            <\/div>\n                                                            <\/div>\n            <\/div>\n        <\/div>\n    <\/div>\n\n\n    <div id=\"call2action-block_1bc74510e593e6a454cb1c5b2dcac85f\" class=\"content-row content-row-forderselctor content-row-call2action trans  call2action \">\n        <div class=\"contentPart-center\">\n            <div class=\"contentPart-inner\">\n                                 <h2>Contact us for individual advice on funding opportunities for your very special project! <\/h2> \n                                    <div class=\"btnrow\"><a href=\"https:\/\/www.inspiralia.ch\/en\/contact\/request\/\" class=\"btn btn-blue animateAll\">Request now<\/a><\/div>\n                                \n            <\/div>\n        <\/div>\n    <\/div>\n\n\n\n    <div id=\"aktuelles3-block_e28b563db464e93ef087e4c3fbef2211\" class=\"content-row content-row-aktuelles3  aktuelles3 \">\r\n        <div class=\"contentPart-center\">\r\n            <div class=\"contentPart-inner\">\r\n                <div class=\"itemgrid\">\r\n                                                                <div class=\"news-item  trans\">\r\n                            <div class=\"news-item-inner\">\r\n                                <a href=\"https:\/\/www.inspiralia.ch\/en\/pv-funding\/\">\r\n                                    <div class=\"catline animateAll\">\r\n                                        News                                    <\/div>\r\n                                    <div class=\"news-item-headline\">\r\n                                        <h3 class=\"animateAll\">\r\n                                            PV funding                                        <\/h3>\r\n                                    <\/div>\r\n                                <\/a>\r\n                            <\/div>\r\n                        <\/div>\r\n                                            <div class=\"news-item  trans\">\r\n                            <div class=\"news-item-inner\">\r\n                                <a href=\"https:\/\/www.inspiralia.ch\/en\/aws-energiekostenzuschuss\/\">\r\n                                    <div class=\"catline animateAll\">\r\n                                        News                                    <\/div>\r\n                                    <div class=\"news-item-headline\">\r\n                                        <h3 class=\"animateAll\">\r\n                                            AWS Energy cost grant                                        <\/h3>\r\n                                    <\/div>\r\n                                <\/a>\r\n                            <\/div>\r\n                        <\/div>\r\n                                            <div class=\"news-item  trans\">\r\n                            <div class=\"news-item-inner\">\r\n                                <a href=\"https:\/\/www.inspiralia.ch\/en\/profit-brandenburg\/\">\r\n                                    <div class=\"catline animateAll\">\r\n                                        News                                    <\/div>\r\n                                    <div class=\"news-item-headline\">\r\n                                        <h3 class=\"animateAll\">\r\n                                            PROFIT Brandenburg                                        <\/h3>\r\n                                    <\/div>\r\n                                <\/a>\r\n                            <\/div>\r\n                        <\/div>\r\n                                                        <\/div>\r\n                <div class=\"btnrow  btncenter trans\"><a href=\"https:\/\/www.inspiralia.ch\/en\/news\/\"  class=\"animateAll textlink\">News overview <\/a><\/div>\r\n            <\/div>\r\n        <\/div>\r\n    <\/div>\r\n\r\n\n\n    <div id=\"newsletterCTA-block_dbba79b61e75c850b445eb7144ff3133\" class=\"content-row content-row-newsletterCTA bg-grey newsletterCTA \">\n        <div class=\"contentPart-center contentPart-center-bigger\">\n            <div class=\"contentPart-inner\">\n                <div class=\"width-50 float-left  trans\">\n                    <div class=\"textbox\">\n                         <h2>Subscribe to the newsletter now<\/h2>                         <div class=\"textInput\">Would you like to stay up to date with the latest news on subsidies? Subscribe now simply and without obligation to our newsletter!<\/div>\n\n                        <div class=\"nlInputbox\">\n                           <script>(function() {\n\twindow.mc4wp = window.mc4wp || {\n\t\tlisteners: [],\n\t\tforms: {\n\t\t\ton: function(evt, cb) {\n\t\t\t\twindow.mc4wp.listeners.push(\n\t\t\t\t\t{\n\t\t\t\t\t\tevent   : evt,\n\t\t\t\t\t\tcallback: cb\n\t\t\t\t\t}\n\t\t\t\t);\n\t\t\t}\n\t\t}\n\t}\n})();\n<\/script><!-- Mailchimp for WordPress v4.12.5 - https:\/\/wordpress.org\/plugins\/mailchimp-for-wp\/ --><form id=\"mc4wp-form-1\" class=\"mc4wp-form mc4wp-form-8231\" method=\"post\" data-id=\"8231\" data-name=\"Inspiralia  Newsletter\" ><div class=\"mc4wp-form-fields\"><p>\r\n    <label>Which newsletter would you like to subscribe to?<br><\/label>\r\n    <label>\r\n        <input type=\"radio\" name=\"_mc4wp_lists\" value=\"98488f2ddb\" required=\"\" checked=\"true\"> <span>Newsletter Austria\/Switzerland<\/span>\r\n    <\/label><br>\r\n   <label>\r\n        <input type=\"radio\" name=\"_mc4wp_lists\" value=\"3cc40648dd\" required=\"\"> <span>Newsletter Germany<\/span>\r\n    <\/label>\r\n<\/p>\r\n<input class=\"nlmail\" name=\"EMAIL\" required=\"\" type=\"email\" placeholder=\"E-Mail Address\" \/>\r\n<p class=\"nl_dsgvo_text\"><label>\r\n<input checked=\"checked\" name=\"MMERGE12\" required=\"\" type=\"checkbox\" value=\"Ich stimme zu, dass meine personenbezogenen Daten - wie in der Datenschutzerkl\u00e4rung, unter www.inspiralia.at\/datenschutz, beschrieben - zur Zusendung und Analyse von E-Mails verarbeitet werden. Diese Zustimmung kann ich jederzeit mit Wirkung f\u00fcr die Zukunft widerrufen.\" \/> I consent to the processing of my personal data &#8211; as described in the <a href=\"https:\/\/inspiralia.at\/en\/privacy-policy\/\"><strong>privacy policy<\/strong> &#8211; for the purpose of sending and analyzing e-mails. I can revoke this consent at any time with effect for the future.<\/a>.\r\n<\/label><\/p>\r\n<input class=\"nlmailsubmit\" type=\"submit\" value=\"Submit\" \/><\/div><label style=\"display: none !important;\">Leave this field empty if you&#8217;re human: <input type=\"text\" name=\"_mc4wp_honeypot\" value=\"\" tabindex=\"-1\" autocomplete=\"off\" \/><\/label><input type=\"hidden\" name=\"_mc4wp_timestamp\" value=\"1778304030\" \/><input type=\"hidden\" name=\"_mc4wp_form_id\" value=\"8231\" \/><input type=\"hidden\" name=\"_mc4wp_form_element_id\" value=\"mc4wp-form-1\" \/><div class=\"mc4wp-response\"><\/div><\/form><!-- \/ Mailchimp for WordPress Plugin -->                        <\/div>\n\n\n                        <!--<div class=\"nldsgvo\">By subscribing to the newsletter I confirm the currently valid <a href=\"#\" target=\"_blank\">privacy policy<\/a>.<\/div>-->\n\n\n                    <\/div>\n                <\/div>\n                <div class=\"width-50  float-right trans\">\n\n                    <img decoding=\"async\" src=\"https:\/\/www.inspiralia.ch\/wp-content\/themes\/inspiralia\/img\/icon-NL.svg\" alt=\"\" class=\"icon-NL\">\n                <\/div>\n            <\/div>\n        <\/div>\n    <\/div>\n","protected":false},"excerpt":{"rendered":"","protected":false},"author":8,"featured_media":0,"parent":0,"menu_order":0,"comment_status":"closed","ping_status":"closed","template":"","meta":{"_acf_changed":false,"footnotes":""},"class_list":["post-1992","page","type-page","status-publish","hentry"],"acf":[],"_links":{"self":[{"href":"https:\/\/www.inspiralia.ch\/en\/wp-json\/wp\/v2\/pages\/1992","targetHints":{"allow":["GET"]}}],"collection":[{"href":"https:\/\/www.inspiralia.ch\/en\/wp-json\/wp\/v2\/pages"}],"about":[{"href":"https:\/\/www.inspiralia.ch\/en\/wp-json\/wp\/v2\/types\/page"}],"author":[{"embeddable":true,"href":"https:\/\/www.inspiralia.ch\/en\/wp-json\/wp\/v2\/users\/8"}],"replies":[{"embeddable":true,"href":"https:\/\/www.inspiralia.ch\/en\/wp-json\/wp\/v2\/comments?post=1992"}],"version-history":[{"count":5,"href":"https:\/\/www.inspiralia.ch\/en\/wp-json\/wp\/v2\/pages\/1992\/revisions"}],"predecessor-version":[{"id":6981,"href":"https:\/\/www.inspiralia.ch\/en\/wp-json\/wp\/v2\/pages\/1992\/revisions\/6981"}],"wp:attachment":[{"href":"https:\/\/www.inspiralia.ch\/en\/wp-json\/wp\/v2\/media?parent=1992"}],"curies":[{"name":"wp","href":"https:\/\/api.w.org\/{rel}","templated":true}]}}